{"id":2541,"date":"2023-02-13T16:56:06","date_gmt":"2023-02-13T13:56:06","guid":{"rendered":"https:\/\/vipsanpaspas.com.tr\/?post_type=product&#038;p=2541"},"modified":"2023-02-27T10:31:55","modified_gmt":"2023-02-27T07:31:55","slug":"ihlara-c25","status":"publish","type":"product","link":"https:\/\/vipsanpaspas.com.tr\/index.php\/urun\/ihlara-c25\/","title":{"rendered":"Ihlara (C25)"},"content":{"rendered":"\t\t<div data-elementor-type=\"product-post\" data-elementor-id=\"2541\" class=\"elementor elementor-2541\">\n\t\t\t\t\t\t\t\t\t<section class=\"elementor-section elementor-top-section elementor-element elementor-element-4436c629 elementor-section-boxed elementor-section-height-default elementor-section-height-default\" data-id=\"4436c629\" data-element_type=\"section\">\n\t\t\t\t\t\t<div class=\"elementor-container elementor-column-gap-default\">\n\t\t\t\t\t<div class=\"elementor-column elementor-col-100 elementor-top-column elementor-element elementor-element-66d4c7ae\" data-id=\"66d4c7ae\" data-element_type=\"column\">\n\t\t\t<div class=\"elementor-widget-wrap elementor-element-populated\">\n\t\t\t\t\t\t\t\t<div class=\"elementor-element elementor-element-86eff4d elementor-widget elementor-widget-html\" data-id=\"86eff4d\" data-element_type=\"widget\" data-widget_type=\"html.default\">\n\t\t\t\t<div class=\"elementor-widget-container\">\n\t\t\t<table style=\"width:75%\">\r\n  <tr>\r\n    <th>\u00dcr\u00fcn Ad\u0131 <\/th>\r\n    <td>\t\r\n\r\n\t\r\n\t\r\n\t\r\nKAPADOKYA \/ Ihlara (C25)\r\nKlasik \u0130\u00e7ser<\/td>\r\n  <\/tr>\r\n  <tr>\r\n    <th>\r\n\u00dcr\u00fcn detay\u0131 <\/th>\r\n    <td>\t\r\n\t\r\n\t\r\n\t\r\n\t\r\nAl\u00fcminyum profil ta\u015f\u0131y\u0131c\u0131l\u0131, tekstil y\u00fczeyli paspas.\r\n\r\n<\/td>\r\n  <\/tr>\r\n \r\n  <tr>\r\n    <th>\u00dcst Y\u00fczey<\/th>\r\n    <td>\t\r\n\t\r\n\t\r\nKir ve nem tutucu \u00f6zellikli \u00e7elik tabanl\u0131 hal\u0131,\r\n<\/td>\r\n  <\/tr>\r\n   <tr>\r\n    <th>Alt Y\u00fczey<\/th>\r\n    <td>\t\r\n\t\r\n\t\r\nKayma ve ses yapmay\u0131 \u00f6nleyici PVC \u015ferit kapl\u0131.\r\n<\/td>\r\n  <\/tr>\r\n    <\/tr>\r\n   <tr>\r\n    <th>Kullan\u0131m Alan\u0131<\/th>\r\n    <td>\t\r\n\t\r\nB\u00fct\u00fcn i\u00e7 mek\u00e2n giri\u015flerinde.<\/td>\r\n  <\/tr>\r\n     <tr>\r\n    <th>Ba\u011flant\u0131 Sistemleri<\/th>\r\n    <td>\t\r\n\t\r\n\t\r\nKod gidericili \u00fcr\u00fcnlerde korozyona dayan\u0131kl\u0131 \u00e7elik tel, Rulo olabilir \u00fcr\u00fcnlerde korozyona dayan\u0131kl\u0131 PVC kapl\u0131 \u00e7elik halatlarla montaj yap\u0131lmaktad\u0131r.<\/td>\r\n  <\/tr>\r\n     <tr>\r\n    <th>\r\nToplam Y\u00fckseklik<\/th>\r\n    <td>\t\r\n\t\r\n\t\r\n22 \u00b1 2 mm<\/td>\r\n  <\/tr>\r\n       <tr>\r\n    <th>\r\nA\u011f\u0131rl\u0131k<\/th>\r\n    <td>\t\r\n\t\r\n\t\r\n11,5  kg\/m\u00b2<\/td>\r\n  <\/tr>\r\n  \r\n<\/table>\r\n\r\n<\/body>\r\n<\/html>\t\t<\/div>\n\t\t\t\t<\/div>\n\t\t\t\t\t<\/div>\n\t\t<\/div>\n\t\t\t\t\t\t\t<\/div>\n\t\t<\/section>\n\t\t\t\t\t\t\t<\/div>\n\t\t","protected":false},"excerpt":{"rendered":"\u00dcr\u00fcn Ad\u0131 KAPADOKYA \/ Ihlara (C25) Klasik \u0130\u00e7ser \u00dcr\u00fcn detay\u0131 Al\u00fcminyum profil ta\u015f\u0131y\u0131c\u0131l\u0131, tekstil y\u00fczeyli paspas. \u00dcst Y\u00fczey Kir ve nem tutucu \u00f6zellikli \u00e7elik tabanl\u0131 hal\u0131, Alt Y\u00fczey Kayma ve ses yapmay\u0131 \u00f6nleyici PVC \u015ferit kapl\u0131. Kullan\u0131m Alan\u0131 B\u00fct\u00fcn i\u00e7 mek\u00e2n giri\u015flerinde. Ba\u011flant\u0131 Sistemleri Kod gidericili \u00fcr\u00fcnlerde korozyona dayan\u0131kl\u0131 \u00e7elik tel, Rulo olabilir \u00fcr\u00fcnlerde korozyona[&#8230;]","protected":false},"featured_media":2513,"comment_status":"closed","ping_status":"closed","template":"","meta":{"om_disable_all_campaigns":false,"_mi_skip_tracking":false},"product_cat":[57,63,66],"product_tag":[],"class_list":["post-2541","product","type-product","status-publish","has-post-thumbnail","hentry","product_cat-aluminyum-paspaslar","product_cat-ic-mekan-paspaslar","product_cat-kapadokya"],"aioseo_notices":[],"_links":{"self":[{"href":"https:\/\/vipsanpaspas.com.tr\/index.php\/wp-json\/wp\/v2\/product\/2541","targetHints":{"allow":["GET"]}}],"collection":[{"href":"https:\/\/vipsanpaspas.com.tr\/index.php\/wp-json\/wp\/v2\/product"}],"about":[{"href":"https:\/\/vipsanpaspas.com.tr\/index.php\/wp-json\/wp\/v2\/types\/product"}],"replies":[{"embeddable":true,"href":"https:\/\/vipsanpaspas.com.tr\/index.php\/wp-json\/wp\/v2\/comments?post=2541"}],"version-history":[{"count":5,"href":"https:\/\/vipsanpaspas.com.tr\/index.php\/wp-json\/wp\/v2\/product\/2541\/revisions"}],"predecessor-version":[{"id":3100,"href":"https:\/\/vipsanpaspas.com.tr\/index.php\/wp-json\/wp\/v2\/product\/2541\/revisions\/3100"}],"wp:featuredmedia":[{"embeddable":true,"href":"https:\/\/vipsanpaspas.com.tr\/index.php\/wp-json\/wp\/v2\/media\/2513"}],"wp:attachment":[{"href":"https:\/\/vipsanpaspas.com.tr\/index.php\/wp-json\/wp\/v2\/media?parent=2541"}],"wp:term":[{"taxonomy":"product_cat","embeddable":true,"href":"https:\/\/vipsanpaspas.com.tr\/index.php\/wp-json\/wp\/v2\/product_cat?post=2541"},{"taxonomy":"product_tag","embeddable":true,"href":"https:\/\/vipsanpaspas.com.tr\/index.php\/wp-json\/wp\/v2\/product_tag?post=2541"}],"curies":[{"name":"wp","href":"https:\/\/api.w.org\/{rel}","templated":true}]}}