{"id":2545,"date":"2023-02-13T16:56:06","date_gmt":"2023-02-13T13:56:06","guid":{"rendered":"https:\/\/vipsanpaspas.com.tr\/?post_type=product&#038;p=2545"},"modified":"2023-02-27T10:36:56","modified_gmt":"2023-02-27T07:36:56","slug":"patara-damlatas","status":"publish","type":"product","link":"https:\/\/vipsanpaspas.com.tr\/index.php\/urun\/patara-damlatas\/","title":{"rendered":"Patara Damlata\u015f"},"content":{"rendered":"\t\t<div data-elementor-type=\"product-post\" data-elementor-id=\"2545\" class=\"elementor elementor-2545\">\n\t\t\t\t\t\t\t\t\t<section class=\"elementor-section elementor-top-section elementor-element elementor-element-3c65a586 elementor-section-boxed elementor-section-height-default elementor-section-height-default\" data-id=\"3c65a586\" data-element_type=\"section\">\n\t\t\t\t\t\t<div class=\"elementor-container elementor-column-gap-default\">\n\t\t\t\t\t<div class=\"elementor-column elementor-col-100 elementor-top-column elementor-element elementor-element-7d41e1c1\" data-id=\"7d41e1c1\" data-element_type=\"column\">\n\t\t\t<div class=\"elementor-widget-wrap elementor-element-populated\">\n\t\t\t\t\t\t\t\t<div class=\"elementor-element elementor-element-bab2ffe elementor-widget elementor-widget-html\" data-id=\"bab2ffe\" data-element_type=\"widget\" data-widget_type=\"html.default\">\n\t\t\t\t<div class=\"elementor-widget-container\">\n\t\t\t<table style=\"width:75%\">\r\n  <tr>\r\n    <th>\u00dcr\u00fcn Ad\u0131 <\/th>\r\n    <td>\t\r\nPATARA\/DAMLATA\u015e\r\nSlim \u0130\u00e7ser<\/td>\r\n  <\/tr>\r\n  <tr>\r\n    <th>\r\n\u00dcr\u00fcn detay\u0131 <\/th>\r\n    <td>\t\r\n\t\r\n\t\r\nAl\u00fcminyum profil ta\u015f\u0131y\u0131c\u0131l\u0131, tekstil y\u00fczeyli paspas.\r\n\r\n<\/td>\r\n  <\/tr>\r\n \r\n  <tr>\r\n    <th>\u00dcst Y\u00fczey<\/th>\r\n    <td>\t\r\n\t\r\nKir ve nem tutucu \u00f6zellikli \u00e7elik tabanl\u0131 hal\u0131,\r\n<\/td>\r\n  <\/tr>\r\n   <tr>\r\n    <th>Alt Y\u00fczey<\/th>\r\n    <td>\t\r\n\t\r\nKayma ve ses yapmay\u0131 \u00f6nleyici PVC \u015ferit kapl\u0131.\r\n<\/td>\r\n  <\/tr>\r\n    <\/tr>\r\n   <tr>\r\n    <th>Kullan\u0131m Alan\u0131<\/th>\r\n    <td>\t\r\n\t\r\nB\u00fct\u00fcn i\u00e7 mek\u00e2n giri\u015flerinde.<\/td>\r\n  <\/tr>\r\n     <tr>\r\n    <th>Ba\u011flant\u0131 Sistemleri<\/th>\r\n    <td>\t\r\n\u00d6zel tasarlanm\u0131\u015f rulo yap\u0131labilme \u00f6zelli\u011fini koruyan al\u00fcminyum birle\u015ftirici profil,\r\n<\/td>\r\n  <\/tr>\r\n     <tr>\r\n    <th>\r\nToplam Y\u00fckseklik<\/th>\r\n    <td>\t\r\n\t\r\n\t\r\n\t\r\n\t\r\n14mm. Ebat: 60 cm x 40 cm<\/td>\r\n  <\/tr>\r\n       <tr>\r\n    <th>\r\nA\u011f\u0131rl\u0131k<\/th>\r\n    <td>\t\r\n\t\r\n1,5 kg\/Adet<\/td>\r\n  <\/tr>\r\n  \r\n<\/table>\r\n\r\n<\/body>\r\n<\/html>\t\t<\/div>\n\t\t\t\t<\/div>\n\t\t\t\t\t<\/div>\n\t\t<\/div>\n\t\t\t\t\t\t\t<\/div>\n\t\t<\/section>\n\t\t\t\t\t\t\t<\/div>\n\t\t","protected":false},"excerpt":{"rendered":"\u00dcr\u00fcn Ad\u0131 PATARA\/DAMLATA\u015e Slim \u0130\u00e7ser \u00dcr\u00fcn detay\u0131 Al\u00fcminyum profil ta\u015f\u0131y\u0131c\u0131l\u0131, tekstil y\u00fczeyli paspas. \u00dcst Y\u00fczey Kir ve nem tutucu \u00f6zellikli \u00e7elik tabanl\u0131 hal\u0131, Alt Y\u00fczey Kayma ve ses yapmay\u0131 \u00f6nleyici PVC \u015ferit kapl\u0131. Kullan\u0131m Alan\u0131 B\u00fct\u00fcn i\u00e7 mek\u00e2n giri\u015flerinde. Ba\u011flant\u0131 Sistemleri \u00d6zel tasarlanm\u0131\u015f rulo yap\u0131labilme \u00f6zelli\u011fini koruyan al\u00fcminyum birle\u015ftirici profil, Toplam Y\u00fckseklik 14mm. Ebat: 60[&#8230;]","protected":false},"featured_media":2520,"comment_status":"closed","ping_status":"closed","template":"","meta":{"om_disable_all_campaigns":false,"_mi_skip_tracking":false},"product_cat":[57,63,65],"product_tag":[],"class_list":["post-2545","product","type-product","status-publish","has-post-thumbnail","hentry","product_cat-aluminyum-paspaslar","product_cat-ic-mekan-paspaslar","product_cat-patara"],"aioseo_notices":[],"_links":{"self":[{"href":"https:\/\/vipsanpaspas.com.tr\/index.php\/wp-json\/wp\/v2\/product\/2545","targetHints":{"allow":["GET"]}}],"collection":[{"href":"https:\/\/vipsanpaspas.com.tr\/index.php\/wp-json\/wp\/v2\/product"}],"about":[{"href":"https:\/\/vipsanpaspas.com.tr\/index.php\/wp-json\/wp\/v2\/types\/product"}],"replies":[{"embeddable":true,"href":"https:\/\/vipsanpaspas.com.tr\/index.php\/wp-json\/wp\/v2\/comments?post=2545"}],"version-history":[{"count":5,"href":"https:\/\/vipsanpaspas.com.tr\/index.php\/wp-json\/wp\/v2\/product\/2545\/revisions"}],"predecessor-version":[{"id":3106,"href":"https:\/\/vipsanpaspas.com.tr\/index.php\/wp-json\/wp\/v2\/product\/2545\/revisions\/3106"}],"wp:featuredmedia":[{"embeddable":true,"href":"https:\/\/vipsanpaspas.com.tr\/index.php\/wp-json\/wp\/v2\/media\/2520"}],"wp:attachment":[{"href":"https:\/\/vipsanpaspas.com.tr\/index.php\/wp-json\/wp\/v2\/media?parent=2545"}],"wp:term":[{"taxonomy":"product_cat","embeddable":true,"href":"https:\/\/vipsanpaspas.com.tr\/index.php\/wp-json\/wp\/v2\/product_cat?post=2545"},{"taxonomy":"product_tag","embeddable":true,"href":"https:\/\/vipsanpaspas.com.tr\/index.php\/wp-json\/wp\/v2\/product_tag?post=2545"}],"curies":[{"name":"wp","href":"https:\/\/api.w.org\/{rel}","templated":true}]}}