{"id":2547,"date":"2023-02-13T16:56:07","date_gmt":"2023-02-13T13:56:07","guid":{"rendered":"https:\/\/vipsanpaspas.com.tr\/?post_type=product&#038;p=2547"},"modified":"2023-02-27T09:56:58","modified_gmt":"2023-02-27T06:56:58","slug":"truva","status":"publish","type":"product","link":"https:\/\/vipsanpaspas.com.tr\/index.php\/urun\/truva\/","title":{"rendered":"Truva"},"content":{"rendered":"\t\t<div data-elementor-type=\"product-post\" data-elementor-id=\"2547\" class=\"elementor elementor-2547\">\n\t\t\t\t\t\t\t\t\t<section class=\"elementor-section elementor-top-section elementor-element elementor-element-36bc6e16 elementor-section-boxed elementor-section-height-default elementor-section-height-default\" data-id=\"36bc6e16\" data-element_type=\"section\">\n\t\t\t\t\t\t<div class=\"elementor-container elementor-column-gap-default\">\n\t\t\t\t\t<div class=\"elementor-column elementor-col-100 elementor-top-column elementor-element elementor-element-1693218e\" data-id=\"1693218e\" data-element_type=\"column\">\n\t\t\t<div class=\"elementor-widget-wrap elementor-element-populated\">\n\t\t\t\t\t\t\t\t<div class=\"elementor-element elementor-element-e761ef8 elementor-widget elementor-widget-html\" data-id=\"e761ef8\" data-element_type=\"widget\" data-widget_type=\"html.default\">\n\t\t\t\t<div class=\"elementor-widget-container\">\n\t\t\t<table style=\"width:75%\">\r\n  <tr>\r\n    <th>\u00dcr\u00fcn Ad\u0131 <\/th>\r\n    <td>\t\r\n\t\r\n\t\r\n\t\r\nEfes \/ Truva  (C36)\r\nSlim Double Profil D\u0131\u015fser<\/td>\r\n  <\/tr>\r\n  <tr>\r\n    <th>\r\n\u00dcr\u00fcn detay\u0131 <\/th>\r\n    <td>\t\r\nAl\u00fcminyum profil ta\u015f\u0131y\u0131c\u0131l\u0131, PVC y\u00fczey kaplamal\u0131 paspas.\r\n\r\n<\/td>\r\n  <\/tr>\r\n \r\n  <tr>\r\n    <th>\u00dcst Y\u00fczey<\/th>\r\n    <td>Kir tutucu \u00f6zellikli thermo soft PVC-P kapl\u0131<\/td>\r\n  <\/tr>\r\n   <tr>\r\n    <th>Alt Y\u00fczey<\/th>\r\n    <td>\t\r\nKayma ve ses yapmay\u0131 \u00f6nleyici PVC \u015ferit kapl\u0131.<\/td>\r\n  <\/tr>\r\n    <\/tr>\r\n   <tr>\r\n    <th>Kullan\u0131m Alan\u0131<\/th>\r\n    <td>\t\r\nB\u00fct\u00fcn d\u0131\u015f mek\u00e2n giri\u015flerinde.<\/td>\r\n  <\/tr>\r\n     <tr>\r\n    <th>Ba\u011flant\u0131 Sistemleri<\/th>\r\n    <td>\t\r\n\u00d6zel tasarlanm\u0131\u015f rulo yap\u0131labilme \u00f6zelli\u011fini koruyan al\u00fcminyum birle\u015ftirici profil,\r\n\r\n<\/td>\r\n  <\/tr>\r\n     <tr>\r\n    <th>\r\nToplam Y\u00fckseklik<\/th>\r\n    <td>\t\r\n14 mm<\/td>\r\n  <\/tr>\r\n       <tr>\r\n    <th>\r\nA\u011f\u0131rl\u0131k<\/th>\r\n    <td>\t\r\n14.8 kg\/m\u00b2<\/td>\r\n  <\/tr>\r\n  \r\n<\/table>\r\n\r\n<\/body>\r\n<\/html>\t\t<\/div>\n\t\t\t\t<\/div>\n\t\t\t\t\t<\/div>\n\t\t<\/div>\n\t\t\t\t\t\t\t<\/div>\n\t\t<\/section>\n\t\t\t\t\t\t\t<\/div>\n\t\t","protected":false},"excerpt":{"rendered":"\u00dcr\u00fcn Ad\u0131 Efes \/ Truva (C36) Slim Double Profil D\u0131\u015fser \u00dcr\u00fcn detay\u0131 Al\u00fcminyum profil ta\u015f\u0131y\u0131c\u0131l\u0131, PVC y\u00fczey kaplamal\u0131 paspas. \u00dcst Y\u00fczey Kir tutucu \u00f6zellikli thermo soft PVC-P kapl\u0131 Alt Y\u00fczey Kayma ve ses yapmay\u0131 \u00f6nleyici PVC \u015ferit kapl\u0131. Kullan\u0131m Alan\u0131 B\u00fct\u00fcn d\u0131\u015f mek\u00e2n giri\u015flerinde. Ba\u011flant\u0131 Sistemleri \u00d6zel tasarlanm\u0131\u015f rulo yap\u0131labilme \u00f6zelli\u011fini koruyan al\u00fcminyum birle\u015ftirici profil,[&#8230;]","protected":false},"featured_media":2525,"comment_status":"closed","ping_status":"closed","template":"","meta":{"om_disable_all_campaigns":false,"_mi_skip_tracking":false},"product_cat":[57,64,70],"product_tag":[],"class_list":["post-2547","product","type-product","status-publish","has-post-thumbnail","hentry","product_cat-aluminyum-paspaslar","product_cat-dis-mekan-paspaslar","product_cat-efes"],"aioseo_notices":[],"_links":{"self":[{"href":"https:\/\/vipsanpaspas.com.tr\/index.php\/wp-json\/wp\/v2\/product\/2547","targetHints":{"allow":["GET"]}}],"collection":[{"href":"https:\/\/vipsanpaspas.com.tr\/index.php\/wp-json\/wp\/v2\/product"}],"about":[{"href":"https:\/\/vipsanpaspas.com.tr\/index.php\/wp-json\/wp\/v2\/types\/product"}],"replies":[{"embeddable":true,"href":"https:\/\/vipsanpaspas.com.tr\/index.php\/wp-json\/wp\/v2\/comments?post=2547"}],"version-history":[{"count":4,"href":"https:\/\/vipsanpaspas.com.tr\/index.php\/wp-json\/wp\/v2\/product\/2547\/revisions"}],"predecessor-version":[{"id":3072,"href":"https:\/\/vipsanpaspas.com.tr\/index.php\/wp-json\/wp\/v2\/product\/2547\/revisions\/3072"}],"wp:featuredmedia":[{"embeddable":true,"href":"https:\/\/vipsanpaspas.com.tr\/index.php\/wp-json\/wp\/v2\/media\/2525"}],"wp:attachment":[{"href":"https:\/\/vipsanpaspas.com.tr\/index.php\/wp-json\/wp\/v2\/media?parent=2547"}],"wp:term":[{"taxonomy":"product_cat","embeddable":true,"href":"https:\/\/vipsanpaspas.com.tr\/index.php\/wp-json\/wp\/v2\/product_cat?post=2547"},{"taxonomy":"product_tag","embeddable":true,"href":"https:\/\/vipsanpaspas.com.tr\/index.php\/wp-json\/wp\/v2\/product_tag?post=2547"}],"curies":[{"name":"wp","href":"https:\/\/api.w.org\/{rel}","templated":true}]}}