{"id":2695,"date":"2023-02-21T15:17:34","date_gmt":"2023-02-21T12:17:34","guid":{"rendered":"https:\/\/vipsanpaspas.com.tr\/?post_type=product&#038;p=2695"},"modified":"2023-02-24T16:36:40","modified_gmt":"2023-02-24T13:36:40","slug":"concorde","status":"publish","type":"product","link":"https:\/\/vipsanpaspas.com.tr\/index.php\/urun\/concorde\/","title":{"rendered":"Concorde"},"content":{"rendered":"\t\t<div data-elementor-type=\"product-post\" data-elementor-id=\"2695\" class=\"elementor elementor-2695\">\n\t\t\t\t\t\t\t\t\t<section class=\"elementor-section elementor-top-section elementor-element elementor-element-719e360 elementor-section-boxed elementor-section-height-default elementor-section-height-default\" data-id=\"719e360\" data-element_type=\"section\">\n\t\t\t\t\t\t<div class=\"elementor-container elementor-column-gap-default\">\n\t\t\t\t\t<div class=\"elementor-column elementor-col-100 elementor-top-column elementor-element elementor-element-e9f1994\" data-id=\"e9f1994\" data-element_type=\"column\">\n\t\t\t<div class=\"elementor-widget-wrap elementor-element-populated\">\n\t\t\t\t\t\t\t\t<div class=\"elementor-element elementor-element-c7ed158 elementor-widget elementor-widget-text-editor\" data-id=\"c7ed158\" data-element_type=\"widget\" data-widget_type=\"text-editor.default\">\n\t\t\t\t<div class=\"elementor-widget-container\">\n\t\t\t<style>\/*! elementor - v3.9.2 - 21-12-2022 *\/\n.elementor-widget-text-editor.elementor-drop-cap-view-stacked .elementor-drop-cap{background-color:#818a91;color:#fff}.elementor-widget-text-editor.elementor-drop-cap-view-framed .elementor-drop-cap{color:#818a91;border:3px solid;background-color:transparent}.elementor-widget-text-editor:not(.elementor-drop-cap-view-default) .elementor-drop-cap{margin-top:8px}.elementor-widget-text-editor:not(.elementor-drop-cap-view-default) .elementor-drop-cap-letter{width:1em;height:1em}.elementor-widget-text-editor .elementor-drop-cap{float:left;text-align:center;line-height:1;font-size:50px}.elementor-widget-text-editor .elementor-drop-cap-letter{display:inline-block}<\/style>\t\t\t\t<table width=\"529\"><tbody><tr><td width=\"138\">\u00dcr\u00fcn Cinsi<\/td><td width=\"187\">Carpet Type<\/td><td width=\"204\">Carpet Tile<\/td><\/tr><tr><td>\u00dcretim Cinsi<\/td><td>Production Process<\/td><td>Plain Loop Pile<\/td><\/tr><tr><td>Dokuma T\u00fcr\u00fc<\/td><td>Gauge<\/td><td>1\/10 inch, Loop Pile<\/td><\/tr><tr><td>Hav Malzemesi<\/td><td>Pile Material<\/td><td>Solution Dyed Polyamide<\/td><\/tr><tr><td>Hav Y\u00fckseklik<\/td><td>Pile Height<\/td><td>4 mm (Finish, +\/- %5)<\/td><\/tr><tr><td>Toplam Y\u00fcksekli\u011fi<\/td><td>Toplam Height<\/td><td>7 mm (PVC, +\/- %5)<\/td><\/tr><tr><td>Dokuma S\u0131kl\u0131\u011f\u0131<\/td><td>Stitches Per 10 cm<\/td><td>50 Stitches \/ 10 cm (+\/- %5)<\/td><\/tr><tr><td>\u0130lmek Adedi<\/td><td>Tufts Per Sqm<\/td><td>197.000 tuft \/ sqm (+\/- %5)<\/td><\/tr><tr><td>Hav A\u011f\u0131rl\u0131\u011f\u0131<\/td><td>Pile Weight<\/td><td>650 gr \/ sqm (+\/- %5)<\/td><\/tr><tr><td>Toplam A\u011f\u0131rl\u0131k<\/td><td>Total Weight<\/td><td>4.300 gr \/ sqm (+\/- %5)<\/td><\/tr><tr><td>Birinci Taban<\/td><td>Primary Backing<\/td><td>Non Woven Polyester<\/td><\/tr><tr><td>\u0130kinci Taban<\/td><td>Secondary Backing<\/td><td>PVC Reinforced with glass fiber<\/td><\/tr><tr><td>Alev Almazl\u0131k<\/td><td>Surface Flammabilty<\/td><td>Cfl \u2013 s1<\/td><\/tr><tr><td>Statik Elektriklenme<\/td><td>Electrostatic Propensity<\/td><td>&lt;2 kv<\/td><\/tr><tr><td>I\u015f\u0131k Hasl\u0131\u011f\u0131<\/td><td>Color Fastness To Light<\/td><td>5-6<\/td><\/tr><tr><td>S\u00fcrt\u00fcnme Hasl\u0131\u011f\u0131<\/td><td>Color Fastness To Rubbing<\/td><td>4-5<\/td><\/tr><tr><td>Garanti S\u00fcresi<\/td><td>Warranty<\/td><td>10 Years<\/td><\/tr><tr><td>Polimer Koruma<\/td><td>Sun Light Resistance<\/td><td>UV Protector<\/td><\/tr><tr><td>Ses \u0130zolasyonu<\/td><td>Impact Sound Insulation<\/td><td>\u0394 Lw 24 dB<\/td><\/tr><tr><td>Tuft \u00c7ekim G\u00fcc\u00fc<\/td><td>Tuft Bind<\/td><td>&gt;=24,0 N<\/td><\/tr><tr><td>Boyutsal Karanl\u0131l\u0131k<\/td><td>Dimensional Stabilitiy<\/td><td>&lt;=0,20 %<\/td><\/tr><tr><td>Boyut<\/td><td>Tile Size<\/td><td>50 cm. x 50 cm<\/td><\/tr><tr><td>Miktar \/ Kutu<\/td><td>Tiles Per Box<\/td><td>20 Pcs. \/ 5 m2<\/td><\/tr><\/tbody><\/table>\t\t\t\t\t\t<\/div>\n\t\t\t\t<\/div>\n\t\t\t\t\t<\/div>\n\t\t<\/div>\n\t\t\t\t\t\t\t<\/div>\n\t\t<\/section>\n\t\t\t\t<section class=\"elementor-section elementor-top-section elementor-element elementor-element-eb98b92 elementor-section-boxed elementor-section-height-default elementor-section-height-default\" data-id=\"eb98b92\" data-element_type=\"section\">\n\t\t\t\t\t\t<div class=\"elementor-container elementor-column-gap-default\">\n\t\t\t\t\t<div class=\"elementor-column elementor-col-100 elementor-top-column elementor-element elementor-element-012f9ca\" data-id=\"012f9ca\" data-element_type=\"column\">\n\t\t\t<div class=\"elementor-widget-wrap\">\n\t\t\t\t\t\t\t\t\t<\/div>\n\t\t<\/div>\n\t\t\t\t\t\t\t<\/div>\n\t\t<\/section>\n\t\t\t\t\t\t\t<\/div>\n\t\t","protected":false},"excerpt":{"rendered":"\u00dcr\u00fcn Cinsi Carpet Type Carpet Tile \u00dcretim Cinsi Production Process Plain Loop Pile Dokuma T\u00fcr\u00fc Gauge 1\/10 inch, Loop Pile Hav Malzemesi Pile Material Solution Dyed Polyamide Hav Y\u00fckseklik Pile Height 4 mm (Finish, +\/- %5) Toplam Y\u00fcksekli\u011fi Toplam Height 7 mm (PVC, +\/- %5) Dokuma S\u0131kl\u0131\u011f\u0131 Stitches Per 10 cm 50 Stitches \/ 10[&#8230;]","protected":false},"featured_media":2696,"comment_status":"closed","ping_status":"closed","template":"","meta":{"om_disable_all_campaigns":false,"_mi_skip_tracking":false},"product_cat":[58,71],"product_tag":[],"class_list":["post-2695","product","type-product","status-publish","has-post-thumbnail","hentry","product_cat-karo-hali","product_cat-samur-yerli-karo-hali"],"aioseo_notices":[],"_links":{"self":[{"href":"https:\/\/vipsanpaspas.com.tr\/index.php\/wp-json\/wp\/v2\/product\/2695","targetHints":{"allow":["GET"]}}],"collection":[{"href":"https:\/\/vipsanpaspas.com.tr\/index.php\/wp-json\/wp\/v2\/product"}],"about":[{"href":"https:\/\/vipsanpaspas.com.tr\/index.php\/wp-json\/wp\/v2\/types\/product"}],"replies":[{"embeddable":true,"href":"https:\/\/vipsanpaspas.com.tr\/index.php\/wp-json\/wp\/v2\/comments?post=2695"}],"version-history":[{"count":5,"href":"https:\/\/vipsanpaspas.com.tr\/index.php\/wp-json\/wp\/v2\/product\/2695\/revisions"}],"predecessor-version":[{"id":3026,"href":"https:\/\/vipsanpaspas.com.tr\/index.php\/wp-json\/wp\/v2\/product\/2695\/revisions\/3026"}],"wp:featuredmedia":[{"embeddable":true,"href":"https:\/\/vipsanpaspas.com.tr\/index.php\/wp-json\/wp\/v2\/media\/2696"}],"wp:attachment":[{"href":"https:\/\/vipsanpaspas.com.tr\/index.php\/wp-json\/wp\/v2\/media?parent=2695"}],"wp:term":[{"taxonomy":"product_cat","embeddable":true,"href":"https:\/\/vipsanpaspas.com.tr\/index.php\/wp-json\/wp\/v2\/product_cat?post=2695"},{"taxonomy":"product_tag","embeddable":true,"href":"https:\/\/vipsanpaspas.com.tr\/index.php\/wp-json\/wp\/v2\/product_tag?post=2695"}],"curies":[{"name":"wp","href":"https:\/\/api.w.org\/{rel}","templated":true}]}}