{"id":2707,"date":"2023-02-21T15:31:00","date_gmt":"2023-02-21T12:31:00","guid":{"rendered":"https:\/\/vipsanpaspas.com.tr\/?post_type=product&#038;p=2707"},"modified":"2023-02-24T16:41:04","modified_gmt":"2023-02-24T13:41:04","slug":"high-destiny","status":"publish","type":"product","link":"https:\/\/vipsanpaspas.com.tr\/index.php\/urun\/high-destiny\/","title":{"rendered":"High Density"},"content":{"rendered":"<table width=\"529\">\n<tbody>\n<tr>\n<td colspan=\"3\" width=\"529\"><strong>Samur Karo Hal\u0131 High Density Teknik \u00d6zellikleri<\/strong><\/td>\n<\/tr>\n<tr>\n<td colspan=\"3\"><strong>Samur Carpet Tile High Density Technical Specifications<\/strong><\/td>\n<\/tr>\n<tr>\n<td>\u00dcr\u00fcn Cinsi<\/td>\n<td>Carpet Type<\/td>\n<td>Carpet Tile<\/td>\n<\/tr>\n<tr>\n<td>\u00dcretim Cinsi<\/td>\n<td>Production Process<\/td>\n<td>Multi Level Loop Pile<\/td>\n<\/tr>\n<tr>\n<td>Dokuma T\u00fcr\u00fc<\/td>\n<td>Gauge<\/td>\n<td>1\/10 inch, Loop Pile<\/td>\n<\/tr>\n<tr>\n<td>Hav Malzemesi<\/td>\n<td>Pile Material<\/td>\n<td>Solution Dyed Polyamide<\/td>\n<\/tr>\n<tr>\n<td>Hav Y\u00fckseklik<\/td>\n<td>Pile Height<\/td>\n<td>3,5-4,0 mm (Finish, +\/- %5)<\/td>\n<\/tr>\n<tr>\n<td>Toplam Y\u00fcksekli\u011fi<\/td>\n<td>Toplam Height<\/td>\n<td>6,5-7,0 mm (PVC, +\/- %5)<\/td>\n<\/tr>\n<tr>\n<td>Dokuma S\u0131kl\u0131\u011f\u0131<\/td>\n<td>Stiches Per 10 cm<\/td>\n<td>52 Stitches \/ 10 cm (+\/- %5)<\/td>\n<\/tr>\n<tr>\n<td>\u0130lmek Adedi<\/td>\n<td>Tufts Per Sqm<\/td>\n<td>204.880 tufts \/ sqm (+\/- %5)<\/td>\n<\/tr>\n<tr>\n<td>Hav A\u011f\u0131rl\u0131\u011f\u0131<\/td>\n<td>Pile Weight<\/td>\n<td>650 gr \/ sqm (+\/- %5)<\/td>\n<\/tr>\n<tr>\n<td>Toplam A\u011f\u0131rl\u0131k<\/td>\n<td>Total Weight<\/td>\n<td>4.400 gr \/ sqm (+\/- %5)<\/td>\n<\/tr>\n<tr>\n<td>Birinci Taban<\/td>\n<td>Primary Backing<\/td>\n<td>Non Woven Polyester<\/td>\n<\/tr>\n<tr>\n<td>\u0130kinci Taban<\/td>\n<td>Secondary Backing<\/td>\n<td>PVC Reinforced with glass fiber<\/td>\n<\/tr>\n<tr>\n<td>Alev Almazl\u0131k<\/td>\n<td>Surface Flammabilty<\/td>\n<td>Cfl \u2013 s1<\/td>\n<\/tr>\n<tr>\n<td>Statik Elektriklenme<\/td>\n<td>Electrostatic Propensity<\/td>\n<td>&lt;2 kv<\/td>\n<\/tr>\n<tr>\n<td>I\u015f\u0131k Hasl\u0131\u011f\u0131<\/td>\n<td>Color Fastness To Light<\/td>\n<td>5-6<\/td>\n<\/tr>\n<tr>\n<td>S\u00fcrt\u00fcnme Hasl\u0131\u011f\u0131<\/td>\n<td>Color Fastness To Rubbing<\/td>\n<td>4-5<\/td>\n<\/tr>\n<tr>\n<td>Garanti S\u00fcresi<\/td>\n<td>Warranty<\/td>\n<td>15 Years<\/td>\n<\/tr>\n<tr>\n<td>Polimer Koruma<\/td>\n<td>Sun Light Resistance<\/td>\n<td>UV Protector<\/td>\n<\/tr>\n<tr>\n<td>Ses \u0130zolasyonu<\/td>\n<td>Impact Sound Insulation<\/td>\n<td>\u0394 Lw 24 dB<\/td>\n<\/tr>\n<tr>\n<td>Tuft \u00c7ekim G\u00fcc\u00fc<\/td>\n<td>Tuft Bind<\/td>\n<td>&gt;=24,0 N<\/td>\n<\/tr>\n<tr>\n<td>Boyutsal Karanl\u0131l\u0131k<\/td>\n<td>Dimensional Stabilitiy<\/td>\n<td>&lt;=0,20 %<\/td>\n<\/tr>\n<tr>\n<td>Boyut<\/td>\n<td>Tile Size<\/td>\n<td>50 cm. x 50 cm<\/td>\n<\/tr>\n<tr>\n<td>Miktar \/ Kutu<\/td>\n<td>Tiles Per Box<\/td>\n<td>20 Pcs. \/ 5 m2<\/td>\n<\/tr>\n<\/tbody>\n<\/table>\n","protected":false},"excerpt":{"rendered":"Samur Karo Hal\u0131 High Density Teknik \u00d6zellikleri Samur Carpet Tile High Density Technical Specifications \u00dcr\u00fcn Cinsi Carpet Type Carpet Tile \u00dcretim Cinsi Production Process Multi Level Loop Pile Dokuma T\u00fcr\u00fc Gauge 1\/10 inch, Loop Pile Hav Malzemesi Pile Material Solution Dyed Polyamide Hav Y\u00fckseklik Pile Height 3,5-4,0 mm (Finish, +\/- %5) Toplam Y\u00fcksekli\u011fi Toplam Height[&#8230;]","protected":false},"featured_media":2708,"comment_status":"closed","ping_status":"closed","template":"","meta":{"om_disable_all_campaigns":false,"_mi_skip_tracking":false},"product_cat":[58,71],"product_tag":[],"class_list":["post-2707","product","type-product","status-publish","has-post-thumbnail","hentry","product_cat-karo-hali","product_cat-samur-yerli-karo-hali"],"aioseo_notices":[],"_links":{"self":[{"href":"https:\/\/vipsanpaspas.com.tr\/index.php\/wp-json\/wp\/v2\/product\/2707","targetHints":{"allow":["GET"]}}],"collection":[{"href":"https:\/\/vipsanpaspas.com.tr\/index.php\/wp-json\/wp\/v2\/product"}],"about":[{"href":"https:\/\/vipsanpaspas.com.tr\/index.php\/wp-json\/wp\/v2\/types\/product"}],"replies":[{"embeddable":true,"href":"https:\/\/vipsanpaspas.com.tr\/index.php\/wp-json\/wp\/v2\/comments?post=2707"}],"version-history":[{"count":2,"href":"https:\/\/vipsanpaspas.com.tr\/index.php\/wp-json\/wp\/v2\/product\/2707\/revisions"}],"predecessor-version":[{"id":3029,"href":"https:\/\/vipsanpaspas.com.tr\/index.php\/wp-json\/wp\/v2\/product\/2707\/revisions\/3029"}],"wp:featuredmedia":[{"embeddable":true,"href":"https:\/\/vipsanpaspas.com.tr\/index.php\/wp-json\/wp\/v2\/media\/2708"}],"wp:attachment":[{"href":"https:\/\/vipsanpaspas.com.tr\/index.php\/wp-json\/wp\/v2\/media?parent=2707"}],"wp:term":[{"taxonomy":"product_cat","embeddable":true,"href":"https:\/\/vipsanpaspas.com.tr\/index.php\/wp-json\/wp\/v2\/product_cat?post=2707"},{"taxonomy":"product_tag","embeddable":true,"href":"https:\/\/vipsanpaspas.com.tr\/index.php\/wp-json\/wp\/v2\/product_tag?post=2707"}],"curies":[{"name":"wp","href":"https:\/\/api.w.org\/{rel}","templated":true}]}}