{"id":2710,"date":"2023-02-21T15:31:56","date_gmt":"2023-02-21T12:31:56","guid":{"rendered":"https:\/\/vipsanpaspas.com.tr\/?post_type=product&#038;p=2710"},"modified":"2023-02-24T16:34:50","modified_gmt":"2023-02-24T13:34:50","slug":"phantom","status":"publish","type":"product","link":"https:\/\/vipsanpaspas.com.tr\/index.php\/urun\/phantom\/","title":{"rendered":"New Phantom Mirage"},"content":{"rendered":"<table width=\"733\">\n<tbody>\n<tr>\n<td colspan=\"4\" width=\"733\">SA<strong>MUR KARO HALI TEKN\u0130K \u00d6ZELL\u0130KLER<\/strong><\/td>\n<\/tr>\n<tr>\n<td colspan=\"2\"><strong>SAMUR CARPET TILE TECHNICAL SPECIFICATIONS<\/strong><\/td>\n<td><strong>Mirage<\/strong><\/td>\n<td><strong>Yeni Phantom \/ New Phantom<\/strong><\/td>\n<\/tr>\n<tr>\n<td>\u00dcr\u00fcn Cinsi<\/td>\n<td>Carpet Type<\/td>\n<td>Carpet Tile<\/td>\n<td>Carpet Tile<\/td>\n<\/tr>\n<tr>\n<td>\u00dcretim Cinsi<\/td>\n<td>Production Process<\/td>\n<td>Multi Level Loop Pile<\/td>\n<td>Plain Loop Pile<\/td>\n<\/tr>\n<tr>\n<td>Dokuma T\u00fcr\u00fc<\/td>\n<td>Gauge<\/td>\n<td>1\/12 inch, Loop Pile<\/td>\n<td>1\/10 inch, Loop Pile<\/td>\n<\/tr>\n<tr>\n<td>Hav Malzemesi<\/td>\n<td>Pile Material<\/td>\n<td>%100 Polypropylene<\/td>\n<td>%100 Polypropylene<\/td>\n<\/tr>\n<tr>\n<td>Hav Y\u00fckseklik<\/td>\n<td>Pile Height<\/td>\n<td>3,5-5 mm (Finish, +\/- %5)<\/td>\n<td>3,5-5 mm (Finish, +\/- %5)<\/td>\n<\/tr>\n<tr>\n<td>Toplam Y\u00fcksekli\u011fi<\/td>\n<td>Toplam Height<\/td>\n<td>6,5 \u2013 8 mm (PVC, +\/- %5)<\/td>\n<td>6,5 mm (PVC, +\/- %5)<\/td>\n<\/tr>\n<tr>\n<td>Dokuma S\u0131kl\u0131\u011f\u0131<\/td>\n<td>Stiches Pes 10 cm<\/td>\n<td>44 Stitches \/ 10 cm (+\/- %5)<\/td>\n<td>27 Stitches \/ 10 cm (+\/- %5)<\/td>\n<\/tr>\n<tr>\n<td>\u0130lmek Adedi<\/td>\n<td>Tufts Per Sqm<\/td>\n<td>208, 120 tuft \/ sqm (+\/- %5<\/td>\n<td>106, 380 tuft \/ sqm (+\/- %5)<\/td>\n<\/tr>\n<tr>\n<td>Hav A\u011f\u0131rl\u0131\u011f\u0131<\/td>\n<td>Pile Weight<\/td>\n<td>670 gr \/ sqm (+\/- %5)<\/td>\n<td>680 gr \/ sqm (+\/- %5)<\/td>\n<\/tr>\n<tr>\n<td>Toplam A\u011f\u0131rl\u0131k<\/td>\n<td>Total Weight<\/td>\n<td>4.300 gr \/ sqm (+\/- %5)<\/td>\n<td>4.300 gr \/ sqm (+\/- %5)<\/td>\n<\/tr>\n<tr>\n<td>Birinci Taban<\/td>\n<td>Primary Backing<\/td>\n<td>Non Woven Polyester<\/td>\n<td>Non Woven Polyester<\/td>\n<\/tr>\n<tr>\n<td>\u0130kinci Taban<\/td>\n<td>Secondary Backing<\/td>\n<td>PVC Reinforced with glass fiber<\/td>\n<td>PVC Reinforced with glass fiber<\/td>\n<\/tr>\n<tr>\n<td>Alev Almazl\u0131k<\/td>\n<td>Surface Flammabilty<\/td>\n<td>Cfl \u2013 s1<\/td>\n<td>Cfl \u2013 s1<\/td>\n<\/tr>\n<tr>\n<td>Statik Elektriklenme<\/td>\n<td>Electrostatic Propensity<\/td>\n<td>&lt;2 kv<\/td>\n<td>&lt;2 kv<\/td>\n<\/tr>\n<tr>\n<td>I\u015f\u0131k Hasl\u0131\u011f\u0131<\/td>\n<td>Color Fastness To Light<\/td>\n<td>5-6<\/td>\n<td>5-6<\/td>\n<\/tr>\n<tr>\n<td>S\u00fcrt\u00fcnme Hasl\u0131\u011f\u0131<\/td>\n<td>Color Fastness To Rubbing<\/td>\n<td>4-5<\/td>\n<td>4-5<\/td>\n<\/tr>\n<tr>\n<td>Garanti S\u00fcresi<\/td>\n<td>Warranty<\/td>\n<td>5 Years<\/td>\n<td>5 Years<\/td>\n<\/tr>\n<tr>\n<td>Polimer Koruma<\/td>\n<td>Sun Light Resistance<\/td>\n<td>UV Protector<\/td>\n<td>UV Protector<\/td>\n<\/tr>\n<tr>\n<td>Ses \u0130zolasyonu<\/td>\n<td>Impact Sound Insulation<\/td>\n<td>\u0394 Lw 24 dB<\/td>\n<td>\u0394 Lw 24 dB<\/td>\n<\/tr>\n<tr>\n<td>Tuft \u00c7ekim G\u00fcc\u00fc<\/td>\n<td>Tuft Bind<\/td>\n<td>&gt;=24,0 N<\/td>\n<td>&gt;=24,0 N<\/td>\n<\/tr>\n<tr>\n<td>Boyutsal Karanl\u0131l\u0131k<\/td>\n<td>Dimensional Stabilitiy<\/td>\n<td>&lt;=0,20 %<\/td>\n<td>&lt;=0,20 %<\/td>\n<\/tr>\n<tr>\n<td>Boyut<\/td>\n<td>Tile Size<\/td>\n<td>50 cm. x 50 cm<\/td>\n<td>50 cm. x 50 cm<\/td>\n<\/tr>\n<tr>\n<td>Miktar \/ Kutu<\/td>\n<td>Tiles Per Box<\/td>\n<td>20 Pcs. \/ 5 m2<\/td>\n<\/tr>\n<\/tbody>\n<\/table>\n","protected":false},"excerpt":{"rendered":"SAMUR KARO HALI TEKN\u0130K \u00d6ZELL\u0130KLER SAMUR CARPET TILE TECHNICAL SPECIFICATIONS Mirage Yeni Phantom \/ New Phantom \u00dcr\u00fcn Cinsi Carpet Type Carpet Tile Carpet Tile \u00dcretim Cinsi Production Process Multi Level Loop Pile Plain Loop Pile Dokuma T\u00fcr\u00fc Gauge 1\/12 inch, Loop Pile 1\/10 inch, Loop Pile Hav Malzemesi Pile Material %100 Polypropylene %100 Polypropylene Hav[&#8230;]","protected":false},"featured_media":2712,"comment_status":"closed","ping_status":"closed","template":"","meta":{"om_disable_all_campaigns":false,"_mi_skip_tracking":false},"product_cat":[58,71],"product_tag":[],"class_list":["post-2710","product","type-product","status-publish","has-post-thumbnail","hentry","product_cat-karo-hali","product_cat-samur-yerli-karo-hali"],"aioseo_notices":[],"_links":{"self":[{"href":"https:\/\/vipsanpaspas.com.tr\/index.php\/wp-json\/wp\/v2\/product\/2710","targetHints":{"allow":["GET"]}}],"collection":[{"href":"https:\/\/vipsanpaspas.com.tr\/index.php\/wp-json\/wp\/v2\/product"}],"about":[{"href":"https:\/\/vipsanpaspas.com.tr\/index.php\/wp-json\/wp\/v2\/types\/product"}],"replies":[{"embeddable":true,"href":"https:\/\/vipsanpaspas.com.tr\/index.php\/wp-json\/wp\/v2\/comments?post=2710"}],"version-history":[{"count":4,"href":"https:\/\/vipsanpaspas.com.tr\/index.php\/wp-json\/wp\/v2\/product\/2710\/revisions"}],"predecessor-version":[{"id":3022,"href":"https:\/\/vipsanpaspas.com.tr\/index.php\/wp-json\/wp\/v2\/product\/2710\/revisions\/3022"}],"wp:featuredmedia":[{"embeddable":true,"href":"https:\/\/vipsanpaspas.com.tr\/index.php\/wp-json\/wp\/v2\/media\/2712"}],"wp:attachment":[{"href":"https:\/\/vipsanpaspas.com.tr\/index.php\/wp-json\/wp\/v2\/media?parent=2710"}],"wp:term":[{"taxonomy":"product_cat","embeddable":true,"href":"https:\/\/vipsanpaspas.com.tr\/index.php\/wp-json\/wp\/v2\/product_cat?post=2710"},{"taxonomy":"product_tag","embeddable":true,"href":"https:\/\/vipsanpaspas.com.tr\/index.php\/wp-json\/wp\/v2\/product_tag?post=2710"}],"curies":[{"name":"wp","href":"https:\/\/api.w.org\/{rel}","templated":true}]}}