{"id":2718,"date":"2023-02-21T15:33:42","date_gmt":"2023-02-21T12:33:42","guid":{"rendered":"https:\/\/vipsanpaspas.com.tr\/?post_type=product&#038;p=2718"},"modified":"2023-02-24T16:51:45","modified_gmt":"2023-02-24T13:51:45","slug":"morse-urban","status":"publish","type":"product","link":"https:\/\/vipsanpaspas.com.tr\/index.php\/urun\/morse-urban\/","title":{"rendered":"Morse Urban"},"content":{"rendered":"<table width=\"425\">\n<tbody>\n<tr>\n<td width=\"192\">Morse \/ Urban \/ Browni<\/td>\n<td width=\"233\"><\/td>\n<\/tr>\n<tr>\n<td>Fiber<\/td>\n<td>100% Polypropylene<\/td>\n<\/tr>\n<tr>\n<td>Structure<\/td>\n<td>Loop Pile: Multi-Level Loop<\/td>\n<\/tr>\n<tr>\n<td>Gauge<\/td>\n<td>1\/12\u2033<\/td>\n<\/tr>\n<tr>\n<td>Stitches<\/td>\n<td>10 per inch<\/td>\n<\/tr>\n<tr>\n<td>Tufts\/sqm<\/td>\n<td>186000<\/td>\n<\/tr>\n<tr>\n<td>Average Pile Height<\/td>\n<td>4.0+\/-0.5 mm<\/td>\n<\/tr>\n<tr>\n<td>Total Height<\/td>\n<td>7.0+\/-0.5 mm<\/td>\n<\/tr>\n<tr>\n<td>Pile Weight<\/td>\n<td>680 g \/ sqm<\/td>\n<\/tr>\n<tr>\n<td>Total Weight<\/td>\n<td>3430 gr \/ sqm<\/td>\n<\/tr>\n<tr>\n<td>Tile Size<\/td>\n<td>50\u00d750 &amp; 25\u00d7100<\/td>\n<\/tr>\n<tr>\n<td>Backing<\/td>\n<td>E+Bac (Bitumen Backing)<\/td>\n<\/tr>\n<tr>\n<td>Approved Installation Method<\/td>\n<td>\u00d9\u00d9\u00d9<\/td>\n<\/tr>\n<tr>\n<td><\/td>\n<td>\u00d9\u00d9\u00d9\u00d9<\/td>\n<\/tr>\n<tr>\n<td><\/td>\n<td>\u00d9\u00d9\u00d9<\/td>\n<\/tr>\n<tr>\n<td><\/td>\n<td>Brick<\/td>\n<\/tr>\n<tr>\n<td>Flammability<\/td>\n<td>ASTM E 645: \u22650.22 watts\/cm2 Class II<\/td>\n<\/tr>\n<tr>\n<td>Smoke Density<\/td>\n<td>ATME 662: \u2264s450 DMC<\/td>\n<\/tr>\n<tr>\n<td>Dimensional Stability<\/td>\n<td>AACHEN: \u22640.2%<\/td>\n<\/tr>\n<tr>\n<td>Tuft Bind:<\/td>\n<td>ASTM D 1335: \u22658.0 lbs<\/td>\n<\/tr>\n<tr>\n<td>Delamination<\/td>\n<td>ASTM D 3936: \u22653.01bc\/in<\/td>\n<\/tr>\n<tr>\n<td>Static Propensity<\/td>\n<td>AATCC 134: \u22643.5kV<\/td>\n<\/tr>\n<tr>\n<td>Colorfastness to Light<\/td>\n<td>AATCC 16E: \u22654-5<\/td>\n<\/tr>\n<tr>\n<td>Colorfastness to Water<\/td>\n<td>AATCC 107: \u22654-5<\/td>\n<\/tr>\n<tr>\n<td>Colorfastness to Crocking<\/td>\n<td>AATCC 165: \u22654-5<\/td>\n<\/tr>\n<\/tbody>\n<\/table>\n","protected":false},"excerpt":{"rendered":"Morse \/ Urban \/ Browni Fiber 100% Polypropylene Structure Loop Pile: Multi-Level Loop Gauge 1\/12\u2033 Stitches 10 per inch Tufts\/sqm 186000 Average Pile Height 4.0+\/-0.5 mm Total Height 7.0+\/-0.5 mm Pile Weight 680 g \/ sqm Total Weight 3430 gr \/ sqm Tile Size 50\u00d750 &amp; 25\u00d7100 Backing E+Bac (Bitumen Backing) Approved Installation Method \u00d9\u00d9\u00d9[&#8230;]","protected":false},"featured_media":2721,"comment_status":"closed","ping_status":"closed","template":"","meta":{"om_disable_all_campaigns":false,"_mi_skip_tracking":false},"product_cat":[58,72],"product_tag":[],"class_list":["post-2718","product","type-product","status-publish","has-post-thumbnail","hentry","product_cat-karo-hali","product_cat-waranty-ithal-karo-hali"],"aioseo_notices":[],"_links":{"self":[{"href":"https:\/\/vipsanpaspas.com.tr\/index.php\/wp-json\/wp\/v2\/product\/2718","targetHints":{"allow":["GET"]}}],"collection":[{"href":"https:\/\/vipsanpaspas.com.tr\/index.php\/wp-json\/wp\/v2\/product"}],"about":[{"href":"https:\/\/vipsanpaspas.com.tr\/index.php\/wp-json\/wp\/v2\/types\/product"}],"replies":[{"embeddable":true,"href":"https:\/\/vipsanpaspas.com.tr\/index.php\/wp-json\/wp\/v2\/comments?post=2718"}],"version-history":[{"count":2,"href":"https:\/\/vipsanpaspas.com.tr\/index.php\/wp-json\/wp\/v2\/product\/2718\/revisions"}],"predecessor-version":[{"id":3034,"href":"https:\/\/vipsanpaspas.com.tr\/index.php\/wp-json\/wp\/v2\/product\/2718\/revisions\/3034"}],"wp:featuredmedia":[{"embeddable":true,"href":"https:\/\/vipsanpaspas.com.tr\/index.php\/wp-json\/wp\/v2\/media\/2721"}],"wp:attachment":[{"href":"https:\/\/vipsanpaspas.com.tr\/index.php\/wp-json\/wp\/v2\/media?parent=2718"}],"wp:term":[{"taxonomy":"product_cat","embeddable":true,"href":"https:\/\/vipsanpaspas.com.tr\/index.php\/wp-json\/wp\/v2\/product_cat?post=2718"},{"taxonomy":"product_tag","embeddable":true,"href":"https:\/\/vipsanpaspas.com.tr\/index.php\/wp-json\/wp\/v2\/product_tag?post=2718"}],"curies":[{"name":"wp","href":"https:\/\/api.w.org\/{rel}","templated":true}]}}