{"id":3049,"date":"2023-02-24T17:06:56","date_gmt":"2023-02-24T14:06:56","guid":{"rendered":"https:\/\/vipsanpaspas.com.tr\/?post_type=product&#038;p=3049"},"modified":"2023-02-24T17:06:56","modified_gmt":"2023-02-24T14:06:56","slug":"masa-alti-ayaklik","status":"publish","type":"product","link":"https:\/\/vipsanpaspas.com.tr\/index.php\/urun\/masa-alti-ayaklik\/","title":{"rendered":"Masa Alt\u0131 Ayakl\u0131k"},"content":{"rendered":"<table border=\"0\" width=\"555\" cellspacing=\"3\" cellpadding=\"0\">\n<tbody>\n<tr>\n<td valign=\"bottom\" width=\"144\">\n<div align=\"left\"><strong>\u00dcr\u00fcn Ad\u0131 :<\/strong><\/div>\n<\/td>\n<td valign=\"top\" width=\"402\">\n<div align=\"left\">MASA ALTI AYAKLIK\u00a0\/\u00a0Masa Alt\u0131 Ayakl\u0131k<\/div>\n<\/td>\n<\/tr>\n<\/tbody>\n<\/table>\n<table border=\"0\" width=\"555\" cellspacing=\"3\" cellpadding=\"0\">\n<tbody>\n<tr>\n<td width=\"144\">\n<div align=\"left\"><\/div>\n<\/td>\n<td width=\"402\">\n<div align=\"left\">\u00c7al\u0131\u015fma Masa Alt\u0131 Ayakl\u0131k<\/div>\n<\/td>\n<\/tr>\n<\/tbody>\n<\/table>\n<table border=\"0\" width=\"555\" cellspacing=\"3\" cellpadding=\"0\">\n<tbody>\n<tr>\n<td valign=\"top\" width=\"144\">\n<div align=\"left\"><strong>\u00dcr\u00fcn detay\u0131 :<\/strong><\/div>\n<\/td>\n<td valign=\"top\" width=\"402\">\n<div align=\"left\">Al\u00fcminyum profil g\u00f6vdeli<\/div>\n<\/td>\n<\/tr>\n<\/tbody>\n<\/table>\n<table border=\"0\" width=\"555\" cellspacing=\"3\" cellpadding=\"0\">\n<tbody>\n<tr>\n<td valign=\"top\" width=\"144\">\n<div align=\"left\"><strong>\u00dcst Y\u00fczey :<\/strong><\/div>\n<\/td>\n<td valign=\"top\" width=\"402\">\n<div align=\"left\">Al\u00fcminyum \u015fase \u00fczeri \u00e7elik tabanl\u0131 hal\u0131 kaplamal\u0131,<\/div>\n<\/td>\n<\/tr>\n<\/tbody>\n<\/table>\n<table border=\"0\" width=\"555\" cellspacing=\"3\" cellpadding=\"0\">\n<tbody>\n<tr>\n<td valign=\"top\" width=\"144\">\n<div align=\"left\"><strong>Alt Y\u00fczey :<\/strong><\/div>\n<\/td>\n<td valign=\"top\" width=\"402\">\n<div align=\"left\">Kayma ve ses yapmay\u0131 \u00f6nleyici PVC tapa,<\/div>\n<\/td>\n<\/tr>\n<\/tbody>\n<\/table>\n<table border=\"0\" width=\"555\" cellspacing=\"3\" cellpadding=\"0\">\n<tbody>\n<tr>\n<td valign=\"top\" width=\"144\">\n<div align=\"left\"><strong>Kullan\u0131m Alan\u0131 :<\/strong><\/div>\n<\/td>\n<td valign=\"top\" width=\"402\">\n<div align=\"left\">B\u00fct\u00fcn \u00e7al\u0131\u015fma masas\u0131 altlar\u0131nda,<\/div>\n<\/td>\n<\/tr>\n<\/tbody>\n<\/table>\n<table border=\"0\" width=\"555\" cellspacing=\"3\" cellpadding=\"0\">\n<tbody>\n<tr>\n<td valign=\"top\" width=\"144\">\n<div align=\"left\"><strong>\u00dcretim T\u00fcrleri :<\/strong><\/div>\n<\/td>\n<td valign=\"top\" width=\"402\">\n<div align=\"left\">35 x 50 cm ebad\u0131nda, \u00f6n y\u00fckseklik 5,5 cm arka y\u00fckseklik 11 cm olup 9\u00ba a\u00e7\u0131l\u0131 olarak \u00fcretilmektedir.<\/div>\n<\/td>\n<\/tr>\n<\/tbody>\n<\/table>\n<table border=\"0\" width=\"555\" cellspacing=\"3\" cellpadding=\"0\">\n<tbody>\n<tr>\n<td valign=\"top\" width=\"144\">\n<div align=\"left\"><strong>Ba\u011flant\u0131 Sistemleri :<\/strong><\/div>\n<\/td>\n<td valign=\"top\" width=\"402\">\n<div align=\"left\">G\u00f6vde kaynakl\u0131,<\/div>\n<\/td>\n<\/tr>\n<\/tbody>\n<\/table>\n<table border=\"0\" width=\"555\" cellspacing=\"3\" cellpadding=\"0\">\n<tbody>\n<tr>\n<td valign=\"top\" width=\"144\">\n<div align=\"left\"><strong>Toplam Y\u00fckseklik :<\/strong><\/div>\n<\/td>\n<td valign=\"top\" width=\"402\">\n<div align=\"left\">11 cm.<\/div>\n<\/td>\n<\/tr>\n<\/tbody>\n<\/table>\n<table border=\"0\" width=\"555\" cellspacing=\"3\" cellpadding=\"0\">\n<tbody>\n<tr>\n<td valign=\"top\" width=\"144\">\n<div align=\"left\"><strong>A\u011f\u0131rl\u0131k :<\/strong><\/div>\n<\/td>\n<td valign=\"top\" width=\"402\">\n<div align=\"left\">~ 2,250 kg \/ adet<\/div>\n<\/td>\n<\/tr>\n<\/tbody>\n<\/table>\n","protected":false},"excerpt":{"rendered":"\u00dcr\u00fcn Ad\u0131 : MASA ALTI AYAKLIK\u00a0\/\u00a0Masa Alt\u0131 Ayakl\u0131k \u00c7al\u0131\u015fma Masa Alt\u0131 Ayakl\u0131k \u00dcr\u00fcn detay\u0131 : Al\u00fcminyum profil g\u00f6vdeli \u00dcst Y\u00fczey : Al\u00fcminyum \u015fase \u00fczeri \u00e7elik tabanl\u0131 hal\u0131 kaplamal\u0131, Alt Y\u00fczey : Kayma ve ses yapmay\u0131 \u00f6nleyici PVC tapa, Kullan\u0131m Alan\u0131 : B\u00fct\u00fcn \u00e7al\u0131\u015fma masas\u0131 altlar\u0131nda, \u00dcretim T\u00fcrleri : 35 x 50 cm ebad\u0131nda, \u00f6n y\u00fckseklik[&#8230;]","protected":false},"featured_media":3050,"comment_status":"open","ping_status":"closed","template":"","meta":{"om_disable_all_campaigns":false,"_mi_skip_tracking":false},"product_cat":[57,73],"product_tag":[],"class_list":["post-3049","product","type-product","status-publish","has-post-thumbnail","hentry","product_cat-aluminyum-paspaslar","product_cat-masa-alti-ayaklik"],"aioseo_notices":[],"_links":{"self":[{"href":"https:\/\/vipsanpaspas.com.tr\/index.php\/wp-json\/wp\/v2\/product\/3049","targetHints":{"allow":["GET"]}}],"collection":[{"href":"https:\/\/vipsanpaspas.com.tr\/index.php\/wp-json\/wp\/v2\/product"}],"about":[{"href":"https:\/\/vipsanpaspas.com.tr\/index.php\/wp-json\/wp\/v2\/types\/product"}],"replies":[{"embeddable":true,"href":"https:\/\/vipsanpaspas.com.tr\/index.php\/wp-json\/wp\/v2\/comments?post=3049"}],"version-history":[{"count":1,"href":"https:\/\/vipsanpaspas.com.tr\/index.php\/wp-json\/wp\/v2\/product\/3049\/revisions"}],"predecessor-version":[{"id":3052,"href":"https:\/\/vipsanpaspas.com.tr\/index.php\/wp-json\/wp\/v2\/product\/3049\/revisions\/3052"}],"wp:featuredmedia":[{"embeddable":true,"href":"https:\/\/vipsanpaspas.com.tr\/index.php\/wp-json\/wp\/v2\/media\/3050"}],"wp:attachment":[{"href":"https:\/\/vipsanpaspas.com.tr\/index.php\/wp-json\/wp\/v2\/media?parent=3049"}],"wp:term":[{"taxonomy":"product_cat","embeddable":true,"href":"https:\/\/vipsanpaspas.com.tr\/index.php\/wp-json\/wp\/v2\/product_cat?post=3049"},{"taxonomy":"product_tag","embeddable":true,"href":"https:\/\/vipsanpaspas.com.tr\/index.php\/wp-json\/wp\/v2\/product_tag?post=3049"}],"curies":[{"name":"wp","href":"https:\/\/api.w.org\/{rel}","templated":true}]}}