{"id":3110,"date":"2023-02-27T10:52:21","date_gmt":"2023-02-27T07:52:21","guid":{"rendered":"https:\/\/vipsanpaspas.com.tr\/?post_type=product&#038;p=3110"},"modified":"2023-02-27T11:08:16","modified_gmt":"2023-02-27T08:08:16","slug":"kivircikli-hijyenik-paspas","status":"publish","type":"product","link":"https:\/\/vipsanpaspas.com.tr\/index.php\/urun\/kivircikli-hijyenik-paspas\/","title":{"rendered":"K\u0131v\u0131rc\u0131kl\u0131 Hijyenik Paspas"},"content":{"rendered":"\t\t<div data-elementor-type=\"product-post\" data-elementor-id=\"3110\" class=\"elementor elementor-3110\">\n\t\t\t\t\t\t\t\t\t<section class=\"elementor-section elementor-top-section elementor-element elementor-element-b0ea854 elementor-section-boxed elementor-section-height-default elementor-section-height-default\" data-id=\"b0ea854\" data-element_type=\"section\">\n\t\t\t\t\t\t<div class=\"elementor-container elementor-column-gap-default\">\n\t\t\t\t\t<div class=\"elementor-column elementor-col-100 elementor-top-column elementor-element elementor-element-72ed141\" data-id=\"72ed141\" data-element_type=\"column\">\n\t\t\t<div class=\"elementor-widget-wrap elementor-element-populated\">\n\t\t\t\t\t\t\t\t<div class=\"elementor-element elementor-element-c578ba5 elementor-widget elementor-widget-html\" data-id=\"c578ba5\" data-element_type=\"widget\" data-widget_type=\"html.default\">\n\t\t\t\t<div class=\"elementor-widget-container\">\n\t\t\t<table style=\"width:75%\">\r\n  <tr>\r\n    <th>\u00dcr\u00fcn Ad\u0131 <\/th>\r\n    <td>\t\r\nH\u0130JYEN TAVA \/ Hijyenik Paspas Tavas\u0131\r\n<\/td>\r\n  <\/tr>\r\n  <tr>\r\n    <th>\r\n\u00dcr\u00fcn detay\u0131 <\/th>\r\n    <td>\t\r\n\t\r\n\t\r\n\t\r\n2 mm al\u00fcminyum sac ile \u00fcretilmi\u015f ve b\u00fct\u00fcn kenarlar\u0131 \u00f6zel tasarlanm\u0131\u015f kod giderici profil\r\n\r\n<\/td>\r\n  <\/tr>\r\n \r\n  <tr>\r\n    <th>\u00dcst Y\u00fczey<\/th>\r\n    <td>\t\r\n\t\r\n\t\r\n\u0130ste\u011fe ba\u011fl\u0131 olarak k\u0131v\u0131rc\u0131k paspas\r\n<\/td>\r\n  <\/tr>\r\n   <tr>\r\n    <th>Alt Y\u00fczey<\/th>\r\n    <td>\t\r\n\t\r\nKayma ve ses yapmay\u0131 \u00f6nleyici kod gidericilere uygulama yap\u0131l\u0131r.\r\n\r\n<\/td>\r\n  <\/tr>\r\n    <\/tr>\r\n   <tr>\r\n    <th>Kullan\u0131m Alan\u0131<\/th>\r\n    <td>\t\r\n\t\r\n\t\r\nHijyen gerektiren b\u00fct\u00fcn giri\u015fler\r\n<\/td>\r\n  <\/tr>\r\n     <tr>\r\n    <th>Ba\u011flant\u0131 Sistemleri<\/th>\r\n    <td>\t\r\n\t\r\nG\u00f6vde kaynakl\u0131,\r\n<\/td>\r\n  <\/tr>\r\n     <tr>\r\n    <th>\r\nToplam Y\u00fckseklik<\/th>\r\n    <td>\t\r\n\t\r\n\t\r\n\t\r\n\t\r\n20 mm.<\/td>\r\n  <\/tr>\r\n       <tr>\r\n    <th>\r\nA\u011f\u0131rl\u0131k<\/th>\r\n    <td>\t\r\n\t\r\n~ 3,5 kg \/ m\u00b2<\/td>\r\n  <\/tr>\r\n  \r\n<\/table>\r\n\r\n<\/body>\r\n<\/html>\t\t<\/div>\n\t\t\t\t<\/div>\n\t\t\t\t\t<\/div>\n\t\t<\/div>\n\t\t\t\t\t\t\t<\/div>\n\t\t<\/section>\n\t\t\t\t\t\t\t<\/div>\n\t\t","protected":false},"excerpt":{"rendered":"\u00dcr\u00fcn Ad\u0131 H\u0130JYEN TAVA \/ Hijyenik Paspas Tavas\u0131 \u00dcr\u00fcn detay\u0131 2 mm al\u00fcminyum sac ile \u00fcretilmi\u015f ve b\u00fct\u00fcn kenarlar\u0131 \u00f6zel tasarlanm\u0131\u015f kod giderici profil \u00dcst Y\u00fczey \u0130ste\u011fe ba\u011fl\u0131 olarak k\u0131v\u0131rc\u0131k paspas Alt Y\u00fczey Kayma ve ses yapmay\u0131 \u00f6nleyici kod gidericilere uygulama yap\u0131l\u0131r. Kullan\u0131m Alan\u0131 Hijyen gerektiren b\u00fct\u00fcn giri\u015fler Ba\u011flant\u0131 Sistemleri G\u00f6vde kaynakl\u0131, Toplam Y\u00fckseklik 20[&#8230;]","protected":false},"featured_media":3111,"comment_status":"open","ping_status":"closed","template":"","meta":{"om_disable_all_campaigns":false,"_mi_skip_tracking":false},"product_cat":[74],"product_tag":[],"class_list":["post-3110","product","type-product","status-publish","has-post-thumbnail","hentry","product_cat-hijyenik-paspas"],"aioseo_notices":[],"_links":{"self":[{"href":"https:\/\/vipsanpaspas.com.tr\/index.php\/wp-json\/wp\/v2\/product\/3110","targetHints":{"allow":["GET"]}}],"collection":[{"href":"https:\/\/vipsanpaspas.com.tr\/index.php\/wp-json\/wp\/v2\/product"}],"about":[{"href":"https:\/\/vipsanpaspas.com.tr\/index.php\/wp-json\/wp\/v2\/types\/product"}],"replies":[{"embeddable":true,"href":"https:\/\/vipsanpaspas.com.tr\/index.php\/wp-json\/wp\/v2\/comments?post=3110"}],"version-history":[{"count":4,"href":"https:\/\/vipsanpaspas.com.tr\/index.php\/wp-json\/wp\/v2\/product\/3110\/revisions"}],"predecessor-version":[{"id":3115,"href":"https:\/\/vipsanpaspas.com.tr\/index.php\/wp-json\/wp\/v2\/product\/3110\/revisions\/3115"}],"wp:featuredmedia":[{"embeddable":true,"href":"https:\/\/vipsanpaspas.com.tr\/index.php\/wp-json\/wp\/v2\/media\/3111"}],"wp:attachment":[{"href":"https:\/\/vipsanpaspas.com.tr\/index.php\/wp-json\/wp\/v2\/media?parent=3110"}],"wp:term":[{"taxonomy":"product_cat","embeddable":true,"href":"https:\/\/vipsanpaspas.com.tr\/index.php\/wp-json\/wp\/v2\/product_cat?post=3110"},{"taxonomy":"product_tag","embeddable":true,"href":"https:\/\/vipsanpaspas.com.tr\/index.php\/wp-json\/wp\/v2\/product_tag?post=3110"}],"curies":[{"name":"wp","href":"https:\/\/api.w.org\/{rel}","templated":true}]}}